{"id":3,"date":"2023-01-17T20:54:38","date_gmt":"2023-01-17T20:54:38","guid":{"rendered":"http:\/\/joyeriavelez.com\/?page_id=3"},"modified":"2023-04-10T23:12:18","modified_gmt":"2023-04-10T23:12:18","slug":"politica-privacidad","status":"publish","type":"page","link":"https:\/\/joyeriavelez.com\/en\/politica-privacidad\/","title":{"rendered":"Pol\u00edtica de privacidad"},"content":{"rendered":"<p>En Alcatraz IT estamos comprometidos con la protecci\u00f3n de los Datos Personales de nuestros clientes y colaboradores, por lo que el cumplimiento de la legislaci\u00f3n aplicable es parte de nuestra cultura. Cuidamos la privacidad de tus Datos y su confidencialidad, mediante pol\u00edticas, procedimientos, programas y medidas de seguridad administrativas, t\u00e9cnicas y f\u00edsicas, para brindarte la confianza de que tus Datos Personales est\u00e1n protegidos. \u00danicamente las personas autorizadas tendr\u00e1n acceso a tus Datos Personales, con el prop\u00f3sito de evitar su da\u00f1o, p\u00e9rdida, alteraci\u00f3n, destrucci\u00f3n, venta, renta, uso, acceso o divulgaci\u00f3n indebida.&nbsp;<\/p>\n\n\n\n<p>Todos tus Datos Personales ser\u00e1n tratados con base en los principios de licitud, consentimiento, informaci\u00f3n, calidad, finalidad, lealtad, proporcionalidad y responsabilidad, de conformidad con la Ley Federal de Protecci\u00f3n de Datos Personales en Posesi\u00f3n de los Particulares, su Reglamento y sus Lineamientos; tus Datos son recabados con la finalidad de brindarte productos o servicios y comunicarte promociones.&nbsp;<\/p>\n\n\n\n<p>Valoramos mucho tu confianza, es por ello que en caso de que ocurra una modificaci\u00f3n a los Avisos de Privacidad o exista alguna vulneraci\u00f3n, Walmart lo har\u00e1 de tu conocimiento. Aseguraremos que puedas conocer lo que ocurre con el tratamiento de tus Datos, con el fin de resguardar tus derechos. Asimismo, las transferencias o el uso de nuevas tecnolog\u00edas para la recolecci\u00f3n de tus Datos Personales respetan en todo momento la confidencialidad y seguridad de los mismos, cumpliendo siempre con las finalidades del Aviso de Privacidad correspondiente.&nbsp;<\/p>\n\n\n\n<p>En todos nuestros Avisos, podr\u00e1s encontrar la informaci\u00f3n necesaria sobre el tratamiento que damos a tus Datos, as\u00ed como los procedimientos y medios para atender tus solicitudes de Derechos de Acceso, Rectificaci\u00f3n, o Cancelaci\u00f3n de tus Datos Personales, o bien para que puedas Oponerte o Revocar tu consentimiento sobre el manejo de tus Datos Personales, a trav\u00e9s de nuestra p\u00e1gina de internet <a href=\"https:\/\/time2go.app\/index.html\" target=\"_blank\" rel=\"noreferrer noopener\">https:\/\/ayuda.joyeriavelez.com<\/a>.&nbsp;<\/p>\n\n\n\n<p>Adicionalmente, en caso de que consideres que tu derecho a la protecci\u00f3n de tus Datos Personales ha sido vulnerado, te informamos que puedes acudir ante el Instituto Nacional de Transparencia, Acceso a la Informaci\u00f3n y Protecci\u00f3n de Datos Personales (INAI). Para mayor informaci\u00f3n visita <a href=\"http:\/\/inicio.ifai.org.mx\/\" target=\"_blank\" rel=\"noreferrer noopener\">http:\/\/inicio.ifai.org.mx<\/a>.&nbsp;<\/p>\n\n\n\n<p>Por lo anterior, ponemos a tu disposici\u00f3n los Avisos de Privacidad integrales, de las \u00e1reas que recaban tus Datos Personales dentro de nuestras tiendas y negocios; de esta manera podr\u00e1s conocer a detalle la informaci\u00f3n que hemos descrito. Te invitamos a consultarlos.\u00a0<\/p>\n\n\n\n<p>Joyeria Velez. Calle Cuitlahuac 215, 45050, Zapopan, Jalisco, Mexico.<\/p>","protected":false},"excerpt":{"rendered":"<p>En Alcatraz IT estamos comprometidos con la protecci\u00f3n de los Datos Personales de nuestros clientes y colaboradores, por lo que el cumplimiento de la legislaci\u00f3n aplicable es parte de nuestra cultura. Cuidamos la privacidad de tus Datos y su confidencialidad, mediante pol\u00edticas, procedimientos, programas y medidas de seguridad administrativas, t\u00e9cnicas y f\u00edsicas, para brindarte la [&hellip;]<\/p>","protected":false},"author":1,"featured_media":0,"parent":0,"menu_order":0,"comment_status":"closed","ping_status":"open","template":"","meta":{"footnotes":""},"class_list":["post-3","page","type-page","status-publish","hentry"],"blocks":[{"blockName":"core\/paragraph","attrs":[],"innerBlocks":[],"innerHTML":"\n<p>En Alcatraz IT estamos comprometidos con la protecci\u00f3n de los Datos Personales de nuestros clientes y colaboradores, por lo que el cumplimiento de la legislaci\u00f3n aplicable es parte de nuestra cultura. Cuidamos la privacidad de tus Datos y su confidencialidad, mediante pol\u00edticas, procedimientos, programas y medidas de seguridad administrativas, t\u00e9cnicas y f\u00edsicas, para brindarte la confianza de que tus Datos Personales est\u00e1n protegidos. \u00danicamente las personas autorizadas tendr\u00e1n acceso a tus Datos Personales, con el prop\u00f3sito de evitar su da\u00f1o, p\u00e9rdida, alteraci\u00f3n, destrucci\u00f3n, venta, renta, uso, acceso o divulgaci\u00f3n indebida.&nbsp;<\/p>\n","innerContent":["\n<p>En Alcatraz IT estamos comprometidos con la protecci\u00f3n de los Datos Personales de nuestros clientes y colaboradores, por lo que el cumplimiento de la legislaci\u00f3n aplicable es parte de nuestra cultura. Cuidamos la privacidad de tus Datos y su confidencialidad, mediante pol\u00edticas, procedimientos, programas y medidas de seguridad administrativas, t\u00e9cnicas y f\u00edsicas, para brindarte la confianza de que tus Datos Personales est\u00e1n protegidos. \u00danicamente las personas autorizadas tendr\u00e1n acceso a tus Datos Personales, con el prop\u00f3sito de evitar su da\u00f1o, p\u00e9rdida, alteraci\u00f3n, destrucci\u00f3n, venta, renta, uso, acceso o divulgaci\u00f3n indebida.&nbsp;<\/p>\n"]},{"blockName":null,"attrs":[],"innerBlocks":[],"innerHTML":"\n\n","innerContent":["\n\n"]},{"blockName":"core\/paragraph","attrs":[],"innerBlocks":[],"innerHTML":"\n<p>Todos tus Datos Personales ser\u00e1n tratados con base en los principios de licitud, consentimiento, informaci\u00f3n, calidad, finalidad, lealtad, proporcionalidad y responsabilidad, de conformidad con la Ley Federal de Protecci\u00f3n de Datos Personales en Posesi\u00f3n de los Particulares, su Reglamento y sus Lineamientos; tus Datos son recabados con la finalidad de brindarte productos o servicios y comunicarte promociones.&nbsp;<\/p>\n","innerContent":["\n<p>Todos tus Datos Personales ser\u00e1n tratados con base en los principios de licitud, consentimiento, informaci\u00f3n, calidad, finalidad, lealtad, proporcionalidad y responsabilidad, de conformidad con la Ley Federal de Protecci\u00f3n de Datos Personales en Posesi\u00f3n de los Particulares, su Reglamento y sus Lineamientos; tus Datos son recabados con la finalidad de brindarte productos o servicios y comunicarte promociones.&nbsp;<\/p>\n"]},{"blockName":null,"attrs":[],"innerBlocks":[],"innerHTML":"\n\n","innerContent":["\n\n"]},{"blockName":"core\/paragraph","attrs":[],"innerBlocks":[],"innerHTML":"\n<p>Valoramos mucho tu confianza, es por ello que en caso de que ocurra una modificaci\u00f3n a los Avisos de Privacidad o exista alguna vulneraci\u00f3n, Walmart lo har\u00e1 de tu conocimiento. Aseguraremos que puedas conocer lo que ocurre con el tratamiento de tus Datos, con el fin de resguardar tus derechos. Asimismo, las transferencias o el uso de nuevas tecnolog\u00edas para la recolecci\u00f3n de tus Datos Personales respetan en todo momento la confidencialidad y seguridad de los mismos, cumpliendo siempre con las finalidades del Aviso de Privacidad correspondiente.&nbsp;<\/p>\n","innerContent":["\n<p>Valoramos mucho tu confianza, es por ello que en caso de que ocurra una modificaci\u00f3n a los Avisos de Privacidad o exista alguna vulneraci\u00f3n, Walmart lo har\u00e1 de tu conocimiento. Aseguraremos que puedas conocer lo que ocurre con el tratamiento de tus Datos, con el fin de resguardar tus derechos. Asimismo, las transferencias o el uso de nuevas tecnolog\u00edas para la recolecci\u00f3n de tus Datos Personales respetan en todo momento la confidencialidad y seguridad de los mismos, cumpliendo siempre con las finalidades del Aviso de Privacidad correspondiente.&nbsp;<\/p>\n"]},{"blockName":null,"attrs":[],"innerBlocks":[],"innerHTML":"\n\n","innerContent":["\n\n"]},{"blockName":"core\/paragraph","attrs":[],"innerBlocks":[],"innerHTML":"\n<p>En todos nuestros Avisos, podr\u00e1s encontrar la informaci\u00f3n necesaria sobre el tratamiento que damos a tus Datos, as\u00ed como los procedimientos y medios para atender tus solicitudes de Derechos de Acceso, Rectificaci\u00f3n, o Cancelaci\u00f3n de tus Datos Personales, o bien para que puedas Oponerte o Revocar tu consentimiento sobre el manejo de tus Datos Personales, a trav\u00e9s de nuestra p\u00e1gina de internet <a href=\"https:\/\/time2go.app\/index.html\" target=\"_blank\" rel=\"noreferrer noopener\">https:\/\/ayuda.joyeriavelez.com<\/a>.&nbsp;<\/p>\n","innerContent":["\n<p>En todos nuestros Avisos, podr\u00e1s encontrar la informaci\u00f3n necesaria sobre el tratamiento que damos a tus Datos, as\u00ed como los procedimientos y medios para atender tus solicitudes de Derechos de Acceso, Rectificaci\u00f3n, o Cancelaci\u00f3n de tus Datos Personales, o bien para que puedas Oponerte o Revocar tu consentimiento sobre el manejo de tus Datos Personales, a trav\u00e9s de nuestra p\u00e1gina de internet <a href=\"https:\/\/time2go.app\/index.html\" target=\"_blank\" rel=\"noreferrer noopener\">https:\/\/ayuda.joyeriavelez.com<\/a>.&nbsp;<\/p>\n"]},{"blockName":null,"attrs":[],"innerBlocks":[],"innerHTML":"\n\n","innerContent":["\n\n"]},{"blockName":"core\/paragraph","attrs":[],"innerBlocks":[],"innerHTML":"\n<p>Adicionalmente, en caso de que consideres que tu derecho a la protecci\u00f3n de tus Datos Personales ha sido vulnerado, te informamos que puedes acudir ante el Instituto Nacional de Transparencia, Acceso a la Informaci\u00f3n y Protecci\u00f3n de Datos Personales (INAI). Para mayor informaci\u00f3n visita <a href=\"http:\/\/inicio.ifai.org.mx\/\" target=\"_blank\" rel=\"noreferrer noopener\">http:\/\/inicio.ifai.org.mx<\/a>.&nbsp;<\/p>\n","innerContent":["\n<p>Adicionalmente, en caso de que consideres que tu derecho a la protecci\u00f3n de tus Datos Personales ha sido vulnerado, te informamos que puedes acudir ante el Instituto Nacional de Transparencia, Acceso a la Informaci\u00f3n y Protecci\u00f3n de Datos Personales (INAI). Para mayor informaci\u00f3n visita <a href=\"http:\/\/inicio.ifai.org.mx\/\" target=\"_blank\" rel=\"noreferrer noopener\">http:\/\/inicio.ifai.org.mx<\/a>.&nbsp;<\/p>\n"]},{"blockName":null,"attrs":[],"innerBlocks":[],"innerHTML":"\n\n","innerContent":["\n\n"]},{"blockName":"core\/paragraph","attrs":[],"innerBlocks":[],"innerHTML":"\n<p>Por lo anterior, ponemos a tu disposici\u00f3n los Avisos de Privacidad integrales, de las \u00e1reas que recaban tus Datos Personales dentro de nuestras tiendas y negocios; de esta manera podr\u00e1s conocer a detalle la informaci\u00f3n que hemos descrito. Te invitamos a consultarlos.\u00a0<\/p>\n","innerContent":["\n<p>Por lo anterior, ponemos a tu disposici\u00f3n los Avisos de Privacidad integrales, de las \u00e1reas que recaban tus Datos Personales dentro de nuestras tiendas y negocios; de esta manera podr\u00e1s conocer a detalle la informaci\u00f3n que hemos descrito. Te invitamos a consultarlos.\u00a0<\/p>\n"]},{"blockName":null,"attrs":[],"innerBlocks":[],"innerHTML":"\n\n","innerContent":["\n\n"]},{"blockName":"core\/paragraph","attrs":[],"innerBlocks":[],"innerHTML":"\n<p>Joyeria Velez. Calle Cuitlahuac 215, 45050, Zapopan, Jalisco, Mexico.<\/p>\n","innerContent":["\n<p>Joyeria Velez. Calle Cuitlahuac 215, 45050, Zapopan, Jalisco, Mexico.<\/p>\n"]}],"_links":{"self":[{"href":"https:\/\/joyeriavelez.com\/en\/wp-json\/wp\/v2\/pages\/3","targetHints":{"allow":["GET"]}}],"collection":[{"href":"https:\/\/joyeriavelez.com\/en\/wp-json\/wp\/v2\/pages"}],"about":[{"href":"https:\/\/joyeriavelez.com\/en\/wp-json\/wp\/v2\/types\/page"}],"author":[{"embeddable":true,"href":"https:\/\/joyeriavelez.com\/en\/wp-json\/wp\/v2\/users\/1"}],"replies":[{"embeddable":true,"href":"https:\/\/joyeriavelez.com\/en\/wp-json\/wp\/v2\/comments?post=3"}],"version-history":[{"count":2,"href":"https:\/\/joyeriavelez.com\/en\/wp-json\/wp\/v2\/pages\/3\/revisions"}],"predecessor-version":[{"id":11623,"href":"https:\/\/joyeriavelez.com\/en\/wp-json\/wp\/v2\/pages\/3\/revisions\/11623"}],"wp:attachment":[{"href":"https:\/\/joyeriavelez.com\/en\/wp-json\/wp\/v2\/media?parent=3"}],"curies":[{"name":"wp","href":"https:\/\/api.w.org\/{rel}","templated":true}]}}